{"id":1846,"date":"2024-07-04T02:06:51","date_gmt":"2024-07-04T02:06:51","guid":{"rendered":"https:\/\/outlanders-dmc.com\/?page_id=1846"},"modified":"2024-07-26T21:08:03","modified_gmt":"2024-07-26T21:08:03","slug":"dmc","status":"publish","type":"page","link":"https:\/\/outlanders-dmc.com\/index.php\/dmc\/","title":{"rendered":"DMC"},"content":{"rendered":"\t\t<div data-elementor-type=\"wp-page\" data-elementor-id=\"1846\" class=\"elementor elementor-1846\">\n\t\t\t\t\t\t<section class=\"elementor-section elementor-top-section elementor-element elementor-element-f097916 elementor-section-boxed elementor-section-height-default elementor-section-height-default wpr-particle-no wpr-jarallax-no wpr-parallax-no wpr-sticky-section-no\" data-id=\"f097916\" data-element_type=\"section\" data-settings=\"{&quot;background_background&quot;:&quot;classic&quot;}\">\n\t\t\t\t\t\t\t<div class=\"elementor-background-overlay\"><\/div>\n\t\t\t\t\t\t\t<div class=\"elementor-container elementor-column-gap-default\">\n\t\t\t\t\t<div class=\"elementor-column elementor-col-100 elementor-top-column elementor-element elementor-element-5ee69e9\" data-id=\"5ee69e9\" data-element_type=\"column\">\n\t\t\t<div class=\"elementor-widget-wrap elementor-element-populated\">\n\t\t\t\t\t\t<div class=\"elementor-element elementor-element-20fe6f1 elementor-invisible elementor-widget elementor-widget-heading\" data-id=\"20fe6f1\" data-element_type=\"widget\" data-settings=\"{&quot;_animation&quot;:&quot;fadeInUp&quot;}\" data-widget_type=\"heading.default\">\n\t\t\t\t<div class=\"elementor-widget-container\">\n\t\t\t<style>\/*! elementor - v3.20.0 - 10-04-2024 *\/\n.elementor-heading-title{padding:0;margin:0;line-height:1}.elementor-widget-heading .elementor-heading-title[class*=elementor-size-]>a{color:inherit;font-size:inherit;line-height:inherit}.elementor-widget-heading .elementor-heading-title.elementor-size-small{font-size:15px}.elementor-widget-heading .elementor-heading-title.elementor-size-medium{font-size:19px}.elementor-widget-heading .elementor-heading-title.elementor-size-large{font-size:29px}.elementor-widget-heading .elementor-heading-title.elementor-size-xl{font-size:39px}.elementor-widget-heading .elementor-heading-title.elementor-size-xxl{font-size:59px}<\/style><h2 class=\"elementor-heading-title elementor-size-default\">DMC<\/h2>\t\t<\/div>\n\t\t\t\t<\/div>\n\t\t\t\t\t<\/div>\n\t\t<\/div>\n\t\t\t\t\t<\/div>\n\t\t<\/section>\n\t\t<div class=\"elementor-element elementor-element-24f0e45 e-flex e-con-boxed wpr-particle-no wpr-jarallax-no wpr-parallax-no wpr-sticky-section-no e-con e-parent\" data-id=\"24f0e45\" data-element_type=\"container\" data-core-v316-plus=\"true\">\n\t\t\t\t\t<div class=\"e-con-inner\">\n\t\t<div class=\"elementor-element elementor-element-5f415a7 e-flex e-con-boxed wpr-particle-no wpr-jarallax-no wpr-parallax-no wpr-sticky-section-no e-con e-child\" data-id=\"5f415a7\" data-element_type=\"container\">\n\t\t\t\t\t<div class=\"e-con-inner\">\n\t\t\t\t<div class=\"elementor-element elementor-element-f978c6f elementor-invisible elementor-widget elementor-widget-text-editor\" data-id=\"f978c6f\" data-element_type=\"widget\" data-settings=\"{&quot;_animation&quot;:&quot;fadeInUp&quot;}\" data-widget_type=\"text-editor.default\">\n\t\t\t\t<div class=\"elementor-widget-container\">\n\t\t\t<style>\/*! elementor - v3.20.0 - 10-04-2024 *\/\n.elementor-widget-text-editor.elementor-drop-cap-view-stacked .elementor-drop-cap{background-color:#69727d;color:#fff}.elementor-widget-text-editor.elementor-drop-cap-view-framed .elementor-drop-cap{color:#69727d;border:3px solid;background-color:transparent}.elementor-widget-text-editor:not(.elementor-drop-cap-view-default) .elementor-drop-cap{margin-top:8px}.elementor-widget-text-editor:not(.elementor-drop-cap-view-default) .elementor-drop-cap-letter{width:1em;height:1em}.elementor-widget-text-editor .elementor-drop-cap{float:left;text-align:center;line-height:1;font-size:50px}.elementor-widget-text-editor .elementor-drop-cap-letter{display:inline-block}<\/style>\t\t\t\t<p><span style=\"font-family: Arial; font-size: 15px; text-align: left; white-space-collapse: preserve;\">This is a division that we have only for B2B partners, where we operate trips offering products for FIT, groups, incentives and other tailor-made products that we exclusively offer for our partners and that the regular public can not have with us.\n\nIf you are a company or an agent looking for a DMC in Colombia, contact us and check the tours we have for clients like you and where we design special itineraries for standard and specialized tours that we can tailor according to your needs. Below you will find different distinctive sample circuits we have designed for B2B clients through different routes in Colombia.<\/span><br><\/p>\t\t\t\t\t\t<\/div>\n\t\t\t\t<\/div>\n\t\t\t\t\t<\/div>\n\t\t\t\t<\/div>\n\t\t\t\t\t<\/div>\n\t\t\t\t<\/div>\n\t\t<div class=\"elementor-element elementor-element-f43934a e-flex e-con-boxed wpr-particle-no wpr-jarallax-no wpr-parallax-no wpr-sticky-section-no e-con e-parent\" data-id=\"f43934a\" data-element_type=\"container\" data-core-v316-plus=\"true\">\n\t\t\t\t\t<div class=\"e-con-inner\">\n\t\t\t\t<div class=\"elementor-element elementor-element-ee2d212 elementor-invisible elementor-widget elementor-widget-owl-carousel-elementor\" data-id=\"ee2d212\" data-element_type=\"widget\" data-settings=\"{&quot;_animation&quot;:&quot;fadeInUp&quot;}\" data-widget_type=\"owl-carousel-elementor.default\">\n\t\t\t\t<div class=\"elementor-widget-container\">\n\t\t\t<div class='js-owce-carousel-container owce-carousel-container owce-carousel-no-nav owce-carousel-no-nav-tablet owce-carousel-no-nav-mobile owce-carousel-ee2d212'><div id=\"owce-carousel-ee2d212\" class=\"owl-carousel owl-theme js-owce-carousel owce-carousel owce-carousel-basic owce-carousel-basic-one\" data-options=\"{&quot;field_prefix&quot;:&quot;carousel_&quot;,&quot;layout&quot;:&quot;basic&quot;,&quot;rtl&quot;:false,&quot;items_count&quot;:3,&quot;items_count_tablet&quot;:null,&quot;items_count_mobile&quot;:null,&quot;items_slideby&quot;:1,&quot;items_slideby_tablet&quot;:null,&quot;items_slideby_mobile&quot;:null,&quot;margin&quot;:10,&quot;margin_tablet&quot;:0,&quot;margin_mobile&quot;:0,&quot;nav&quot;:&quot;&quot;,&quot;nav_tablet&quot;:null,&quot;nav_mobile&quot;:null,&quot;dots&quot;:&quot;yes&quot;,&quot;dots_tablet&quot;:null,&quot;dots_mobile&quot;:null,&quot;autoplay&quot;:&quot;yes&quot;,&quot;autoplay_timeout&quot;:5000,&quot;autoplay_hover_pause&quot;:false,&quot;animate_in&quot;:&quot;&quot;,&quot;animate_out&quot;:&quot;&quot;,&quot;rewind&quot;:&quot;&quot;,&quot;loop&quot;:&quot;&quot;,&quot;loop_tablet&quot;:null,&quot;loop_mobile&quot;:null,&quot;smart_speed&quot;:500,&quot;lazyLoad&quot;:&quot;&quot;,&quot;auto_height&quot;:&quot;&quot;,&quot;mouse_drag&quot;:&quot;yes&quot;,&quot;touch_drag&quot;:&quot;yes&quot;}\">            \t\t\t<div class=\"item carousel-item-c3a8306 elementor-animation-float\">\n                <a class=\"owl-link \" href=\"https:\/\/outlanders-dmc.com\/index.php\/destination\/china\/\" target=\"_blank\">\t<div class=\"owl-thumb\">\n\t\t<img fetchpriority=\"high\" decoding=\"async\" width=\"360\" height=\"450\" src=\"https:\/\/outlanders-dmc.com\/wp-content\/uploads\/2024\/04\/eifel-tower.jpg\" class=\"attachment-owl_elementor_thumbnail size-owl_elementor_thumbnail wp-image-1121\" alt=\"\" srcset=\"https:\/\/outlanders-dmc.com\/wp-content\/uploads\/2024\/04\/eifel-tower.jpg 576w, https:\/\/outlanders-dmc.com\/wp-content\/uploads\/2024\/04\/eifel-tower-240x300.jpg 240w\" sizes=\"(max-width: 360px) 100vw, 360px\" \/>\t<\/div>\n\n<p class=owl-content data-setting=item_content >Lorem ipsum dolor sit amet consectetur adipiscing elit<\/p><\/a>\t\t\t<\/div>\n\t\t            \t\t\t<div class=\"item carousel-item-d8945c1 elementor-animation-float\">\n                <a class=\"owl-link \" href=\"https:\/\/outlanders-dmc.com\/index.php\/destination\/china\/\" target=\"_blank\">\t<div class=\"owl-thumb\">\n\t\t<img fetchpriority=\"high\" decoding=\"async\" width=\"360\" height=\"450\" src=\"https:\/\/outlanders-dmc.com\/wp-content\/uploads\/2024\/04\/eifel-tower.jpg\" class=\"attachment-owl_elementor_thumbnail size-owl_elementor_thumbnail wp-image-1121\" alt=\"\" srcset=\"https:\/\/outlanders-dmc.com\/wp-content\/uploads\/2024\/04\/eifel-tower.jpg 576w, https:\/\/outlanders-dmc.com\/wp-content\/uploads\/2024\/04\/eifel-tower-240x300.jpg 240w\" sizes=\"(max-width: 360px) 100vw, 360px\" \/>\t<\/div>\n\n<p class=owl-content data-setting=item_content >Lorem ipsum dolor sit amet consectetur adipiscing elit<\/p><\/a>\t\t\t<\/div>\n\t\t            \t\t\t<div class=\"item carousel-item-dfbbf38 elementor-animation-float\">\n                <a class=\"owl-link \" href=\"https:\/\/outlanders-dmc.com\/index.php\/destination\/china\/\" target=\"_blank\">\t<div class=\"owl-thumb\">\n\t\t<img fetchpriority=\"high\" decoding=\"async\" width=\"360\" height=\"450\" src=\"https:\/\/outlanders-dmc.com\/wp-content\/uploads\/2024\/04\/eifel-tower.jpg\" class=\"attachment-owl_elementor_thumbnail size-owl_elementor_thumbnail wp-image-1121\" alt=\"\" srcset=\"https:\/\/outlanders-dmc.com\/wp-content\/uploads\/2024\/04\/eifel-tower.jpg 576w, https:\/\/outlanders-dmc.com\/wp-content\/uploads\/2024\/04\/eifel-tower-240x300.jpg 240w\" sizes=\"(max-width: 360px) 100vw, 360px\" \/>\t<\/div>\n\n<p class=owl-content data-setting=item_content >Lorem ipsum dolor sit amet consectetur adipiscing elit<\/p><\/a>\t\t\t<\/div>\n\t\t            \t\t\t<div class=\"item carousel-item-b9dcbf7 elementor-animation-float\">\n                <a class=\"owl-link \" href=\"https:\/\/outlanders-dmc.com\/index.php\/destination\/china\/\" target=\"_blank\">\t<div class=\"owl-thumb\">\n\t\t<img fetchpriority=\"high\" decoding=\"async\" width=\"360\" height=\"450\" src=\"https:\/\/outlanders-dmc.com\/wp-content\/uploads\/2024\/04\/eifel-tower.jpg\" class=\"attachment-owl_elementor_thumbnail size-owl_elementor_thumbnail wp-image-1121\" alt=\"\" srcset=\"https:\/\/outlanders-dmc.com\/wp-content\/uploads\/2024\/04\/eifel-tower.jpg 576w, https:\/\/outlanders-dmc.com\/wp-content\/uploads\/2024\/04\/eifel-tower-240x300.jpg 240w\" sizes=\"(max-width: 360px) 100vw, 360px\" \/>\t<\/div>\n\n<p class=owl-content data-setting=item_content >Lorem ipsum dolor sit amet consectetur adipiscing elit<\/p><\/a>\t\t\t<\/div>\n\t\t<\/div><\/div>\t\t<\/div>\n\t\t\t\t<\/div>\n\t\t\t\t\t<\/div>\n\t\t\t\t<\/div>\n\t\t\t\t<section class=\"elementor-section elementor-top-section elementor-element elementor-element-3c46fa8 elementor-section-boxed elementor-section-height-default elementor-section-height-default wpr-particle-no wpr-jarallax-no wpr-parallax-no wpr-sticky-section-no\" data-id=\"3c46fa8\" data-element_type=\"section\">\n\t\t\t\t\t\t<div class=\"elementor-container elementor-column-gap-default\">\n\t\t\t\t\t<div class=\"elementor-column elementor-col-100 elementor-top-column elementor-element elementor-element-453991c\" data-id=\"453991c\" data-element_type=\"column\">\n\t\t\t<div class=\"elementor-widget-wrap elementor-element-populated\">\n\t\t\t\t\t\t<div class=\"elementor-element elementor-element-7519584 elementor-widget-mobile__width-initial wpr-step-type-number_text wpr-step-content-layout-vertical wpr-custom-styles-yes elementor-invisible elementor-widget elementor-widget-wpr-form-builder\" data-id=\"7519584\" data-element_type=\"widget\" data-settings=\"{&quot;success_message&quot;:&quot;Submission successful&quot;,&quot;error_message&quot;:&quot;Submission failed&quot;,&quot;_animation&quot;:&quot;fadeInLeft&quot;,&quot;button_width&quot;:{&quot;unit&quot;:&quot;%&quot;,&quot;size&quot;:100,&quot;sizes&quot;:[]},&quot;button_width_tablet&quot;:{&quot;unit&quot;:&quot;px&quot;,&quot;size&quot;:&quot;&quot;,&quot;sizes&quot;:[]},&quot;button_width_mobile&quot;:{&quot;unit&quot;:&quot;px&quot;,&quot;size&quot;:&quot;&quot;,&quot;sizes&quot;:[]},&quot;step_type&quot;:&quot;number_text&quot;,&quot;step_content_layout&quot;:&quot;vertical&quot;}\" data-widget_type=\"wpr-form-builder.default\">\n\t\t\t\t<div class=\"elementor-widget-container\">\n\t\t\t\t\t<form class=\"wpr-form\" method=\"post\" name=\"New Form\" page=\"DMC\" page_id=\"1846\" novalidate>\n\t\t\t<input type=\"hidden\" name=\"post_id\" value=\"1846\"\/>\n\t\t\t<input type=\"hidden\" name=\"form_id\" value=\"7519584\"\/>\n\t\t\t<input type=\"hidden\" name=\"referer_title\" value=\"\" \/>\n\n\t\t\t<div class=\"wpr-step-wrap\"><\/div>\n\t\t\t<div class=\"wpr-form-fields-wrap wpr-labels-above\">\n\t\t\t\t\t\t\t\t\t<div class=\"wpr-form-field-type-text wpr-field-group wpr-column wpr-field-group-name elementor-repeater-item-da13b0e\">\n\t\t\t\t\t\t\t\t\t\t\t\t\t\t<label for=\"form-field-name\" class=\"wpr-form-field-label\">\n\t\t\t\t\t\t\t\t\tYour Name\t\t\t\t\t\t\t\t<\/label>\n\t\t\t\t\t\t\t<input size=\"1 \"type=\"text\" name=\"form_fields[name]\" id=\"form-field-name\" class=\"wpr-form-field  wpr-form-field-textual\">\t\t\t\t\t<\/div>\n\t\t\t\t\t\t\t\t\t<div class=\"wpr-form-field-type-email wpr-field-group wpr-column wpr-field-group-email elementor-repeater-item-f8772aa wpr-form-field-required\">\n\t\t\t\t\t\t\t\t\t\t\t\t\t\t<label for=\"form-field-email\" class=\"wpr-form-field-label\">\n\t\t\t\t\t\t\t\t\tYour Email\t\t\t\t\t\t\t\t<\/label>\n\t\t\t\t\t\t\t<input size=\"1 \"type=\"email\" name=\"form_fields[email]\" id=\"form-field-email\" class=\"wpr-form-field  wpr-form-field-textual\" required=\"required\" aria-required=\"true\">\t\t\t\t\t<\/div>\n\t\t\t\t\t\t\t\t\t<div class=\"wpr-form-field-type-textarea wpr-field-group wpr-column wpr-field-group-message elementor-repeater-item-c2bc7dc\">\n\t\t\t\t\t\t\t\t\t\t\t\t\t\t<label for=\"form-field-message\" class=\"wpr-form-field-label\">\n\t\t\t\t\t\t\t\t\tYour Message (optional)\t\t\t\t\t\t\t\t<\/label>\n\t\t\t\t\t\t\t<textarea class=\"wpr-form-field-textual wpr-form-field \" name=\"form_fields[message]\" id=\"form-field-message\" rows=\"7\"><\/textarea>\t\t\t\t\t<\/div>\n\t\t\t\t<div class=\"wpr-field-group wpr-stp-btns-wrap wpr-column wpr-form-field-type-submit\" data-actions=\"[&quot;email&quot;]\" data-redirect-url=\"\" data-mailchimp-fields=\"{&quot;email_field&quot;:&quot;&quot;,&quot;first_name_field&quot;:&quot;&quot;,&quot;last_name_field&quot;:&quot;&quot;,&quot;address_field&quot;:&quot;&quot;,&quot;phone_field&quot;:&quot;&quot;,&quot;birthday_field&quot;:&quot;&quot;,&quot;group_id&quot;:&quot;&quot;}\" data-list-id=\"\">\t\t\t<button type=\"submit\" class=\"wpr-button\">\n\t\t\t\t<span >\n\t\t\t\t\t\t\t\t\t\t\t\t\t\t\t\t<span>Submit<\/span>\n\t\t\t\t\t\t\t\t\t\t\t\t\t\t<\/span>\t\n\t\t\t\t<div class=\"wpr-double-bounce wpr-loader-hidden\">\n\t\t\t\t\t<div class=\"wpr-child wpr-double-bounce1\"><\/div>\n\t\t\t\t\t<div class=\"wpr-child wpr-double-bounce2\"><\/div>\n\t\t\t\t<\/div>\n\t\t\t<\/button>\n\t\t<\/div>\t\t\t\t\n\t\t\t<\/div>\n\t\t<\/form>\n\t  \t\t<\/div>\n\t\t\t\t<\/div>\n\t\t\t\t\t<\/div>\n\t\t<\/div>\n\t\t\t\t\t<\/div>\n\t\t<\/section>\n\t\t<div class=\"elementor-element elementor-element-72a71e4 e-flex e-con-boxed wpr-particle-no wpr-jarallax-no wpr-parallax-no wpr-sticky-section-no e-con e-parent\" data-id=\"72a71e4\" data-element_type=\"container\" data-core-v316-plus=\"true\">\n\t\t\t\t\t<div class=\"e-con-inner\">\n\t\t<div class=\"elementor-element elementor-element-88ee5c6 e-con-full e-flex wpr-particle-no wpr-jarallax-no wpr-parallax-no wpr-sticky-section-no e-con e-child\" data-id=\"88ee5c6\" data-element_type=\"container\">\n\t\t\t\t<div class=\"elementor-element elementor-element-39bf4fa elementor-invisible elementor-widget elementor-widget-image\" data-id=\"39bf4fa\" data-element_type=\"widget\" data-settings=\"{&quot;_animation&quot;:&quot;fadeInLeft&quot;}\" data-widget_type=\"image.default\">\n\t\t\t\t<div class=\"elementor-widget-container\">\n\t\t\t<style>\/*! elementor - v3.20.0 - 10-04-2024 *\/\n.elementor-widget-image{text-align:center}.elementor-widget-image a{display:inline-block}.elementor-widget-image a img[src$=\".svg\"]{width:48px}.elementor-widget-image img{vertical-align:middle;display:inline-block}<\/style>\t\t\t\t\t\t\t\t\t\t<img decoding=\"async\" width=\"960\" height=\"640\" src=\"https:\/\/outlanders-dmc.com\/wp-content\/uploads\/2024\/04\/tajmahal.jpg\" class=\"attachment-large size-large wp-image-1136\" alt=\"\" srcset=\"https:\/\/outlanders-dmc.com\/wp-content\/uploads\/2024\/04\/tajmahal.jpg 960w, https:\/\/outlanders-dmc.com\/wp-content\/uploads\/2024\/04\/tajmahal-300x200.jpg 300w, https:\/\/outlanders-dmc.com\/wp-content\/uploads\/2024\/04\/tajmahal-768x512.jpg 768w, https:\/\/outlanders-dmc.com\/wp-content\/uploads\/2024\/04\/tajmahal-600x400.jpg 600w\" sizes=\"(max-width: 960px) 100vw, 960px\" \/>\t\t\t\t\t\t\t\t\t\t\t\t\t<\/div>\n\t\t\t\t<\/div>\n\t\t\t\t<\/div>\n\t\t<div class=\"elementor-element elementor-element-1bff59c e-con-full e-flex wpr-particle-no wpr-jarallax-no wpr-parallax-no wpr-sticky-section-no e-con e-child\" data-id=\"1bff59c\" data-element_type=\"container\">\n\t\t\t\t<div class=\"elementor-element elementor-element-135da50 elementor-invisible elementor-widget elementor-widget-heading\" data-id=\"135da50\" data-element_type=\"widget\" data-settings=\"{&quot;_animation&quot;:&quot;fadeInRight&quot;}\" data-widget_type=\"heading.default\">\n\t\t\t\t<div class=\"elementor-widget-container\">\n\t\t\t<h2 class=\"elementor-heading-title elementor-size-default\">A\u00f1ade aqu\u00ed tu texto de cabecera<\/h2>\t\t<\/div>\n\t\t\t\t<\/div>\n\t\t\t\t<div class=\"elementor-element elementor-element-04b95d8 elementor-invisible elementor-widget elementor-widget-text-editor\" data-id=\"04b95d8\" data-element_type=\"widget\" data-settings=\"{&quot;_animation&quot;:&quot;fadeInRight&quot;}\" data-widget_type=\"text-editor.default\">\n\t\t\t\t<div class=\"elementor-widget-container\">\n\t\t\t\t\t\t\t<p><strong>Lorem Ipsum<\/strong>\u00a0es simplemente el texto de relleno de las imprentas y archivos de texto. Lorem Ipsum ha sido el texto de relleno est\u00e1ndar de las industrias desde el a\u00f1o 1500, cuando un impresor (N. del T. persona que se dedica a la imprenta) desconocido us\u00f3 una galer\u00eda de textos y los mezcl\u00f3 de tal manera que logr\u00f3 hacer un libro de textos especimen. No s\u00f3lo sobrevivi\u00f3 500 a\u00f1os, sino que tambien ingres\u00f3 como texto de relleno en documentos electr\u00f3nicos, quedando esencialmente igual al original. Fue popularizado en los 60s con la creaci\u00f3n de las hojas &#8220;Letraset&#8221;, las cuales contenian pasajes de Lorem Ipsum, y m\u00e1s recientemente con software de autoedici\u00f3n, como por ejemplo Aldus PageMaker, el cual incluye versiones de Lorem Ipsum.<\/p>\t\t\t\t\t\t<\/div>\n\t\t\t\t<\/div>\n\t\t\t\t<\/div>\n\t\t\t\t\t<\/div>\n\t\t\t\t<\/div>\n\t\t<div class=\"elementor-element elementor-element-82c40ca e-flex e-con-boxed wpr-particle-no wpr-jarallax-no wpr-parallax-no wpr-sticky-section-no e-con e-parent\" data-id=\"82c40ca\" data-element_type=\"container\" data-core-v316-plus=\"true\">\n\t\t\t\t\t<div class=\"e-con-inner\">\n\t\t<div class=\"elementor-element elementor-element-a64d39c e-con-full e-flex wpr-particle-no wpr-jarallax-no wpr-parallax-no wpr-sticky-section-no e-con e-child\" data-id=\"a64d39c\" data-element_type=\"container\">\n\t\t\t\t<div class=\"elementor-element elementor-element-f7070b1 elementor-invisible elementor-widget elementor-widget-heading\" data-id=\"f7070b1\" data-element_type=\"widget\" data-settings=\"{&quot;_animation&quot;:&quot;fadeInLeft&quot;}\" data-widget_type=\"heading.default\">\n\t\t\t\t<div class=\"elementor-widget-container\">\n\t\t\t<h2 class=\"elementor-heading-title elementor-size-default\">A\u00f1ade aqu\u00ed tu texto de cabecera<\/h2>\t\t<\/div>\n\t\t\t\t<\/div>\n\t\t\t\t<div class=\"elementor-element elementor-element-eace602 elementor-invisible elementor-widget elementor-widget-text-editor\" data-id=\"eace602\" data-element_type=\"widget\" data-settings=\"{&quot;_animation&quot;:&quot;fadeInLeft&quot;}\" data-widget_type=\"text-editor.default\">\n\t\t\t\t<div class=\"elementor-widget-container\">\n\t\t\t\t\t\t\t<p><strong>Lorem Ipsum<\/strong>\u00a0es simplemente el texto de relleno de las imprentas y archivos de texto. Lorem Ipsum ha sido el texto de relleno est\u00e1ndar de las industrias desde el a\u00f1o 1500, cuando un impresor (N. del T. persona que se dedica a la imprenta) desconocido us\u00f3 una galer\u00eda de textos y los mezcl\u00f3 de tal manera que logr\u00f3 hacer un libro de textos especimen. No s\u00f3lo sobrevivi\u00f3 500 a\u00f1os, sino que tambien ingres\u00f3 como texto de relleno en documentos electr\u00f3nicos, quedando esencialmente igual al original. Fue popularizado en los 60s con la creaci\u00f3n de las hojas &#8220;Letraset&#8221;, las cuales contenian pasajes de Lorem Ipsum, y m\u00e1s recientemente con software de autoedici\u00f3n, como por ejemplo Aldus PageMaker, el cual incluye versiones de Lorem Ipsum.<\/p>\t\t\t\t\t\t<\/div>\n\t\t\t\t<\/div>\n\t\t\t\t<\/div>\n\t\t<div class=\"elementor-element elementor-element-6822325 e-con-full e-flex wpr-particle-no wpr-jarallax-no wpr-parallax-no wpr-sticky-section-no e-con e-child\" data-id=\"6822325\" data-element_type=\"container\">\n\t\t\t\t<div class=\"elementor-element elementor-element-06dc45c elementor-invisible elementor-widget elementor-widget-image\" data-id=\"06dc45c\" data-element_type=\"widget\" data-settings=\"{&quot;_animation&quot;:&quot;fadeInRight&quot;}\" data-widget_type=\"image.default\">\n\t\t\t\t<div class=\"elementor-widget-container\">\n\t\t\t\t\t\t\t\t\t\t\t\t\t<img decoding=\"async\" width=\"960\" height=\"640\" src=\"https:\/\/outlanders-dmc.com\/wp-content\/uploads\/2024\/04\/tajmahal.jpg\" class=\"attachment-large size-large wp-image-1136\" alt=\"\" srcset=\"https:\/\/outlanders-dmc.com\/wp-content\/uploads\/2024\/04\/tajmahal.jpg 960w, https:\/\/outlanders-dmc.com\/wp-content\/uploads\/2024\/04\/tajmahal-300x200.jpg 300w, https:\/\/outlanders-dmc.com\/wp-content\/uploads\/2024\/04\/tajmahal-768x512.jpg 768w, https:\/\/outlanders-dmc.com\/wp-content\/uploads\/2024\/04\/tajmahal-600x400.jpg 600w\" sizes=\"(max-width: 960px) 100vw, 960px\" \/>\t\t\t\t\t\t\t\t\t\t\t\t\t<\/div>\n\t\t\t\t<\/div>\n\t\t\t\t<\/div>\n\t\t\t\t\t<\/div>\n\t\t\t\t<\/div>\n\t\t<div class=\"elementor-element elementor-element-4c28cd1 e-flex e-con-boxed wpr-particle-no wpr-jarallax-no wpr-parallax-no wpr-sticky-section-no e-con e-parent\" data-id=\"4c28cd1\" data-element_type=\"container\" data-core-v316-plus=\"true\">\n\t\t\t\t\t<div class=\"e-con-inner\">\n\t\t\t\t<div class=\"elementor-element elementor-element-d70cedc elementor-widget elementor-widget-image\" data-id=\"d70cedc\" data-element_type=\"widget\" data-widget_type=\"image.default\">\n\t\t\t\t<div class=\"elementor-widget-container\">\n\t\t\t\t\t\t\t\t\t\t\t\t\t<img decoding=\"async\" src=\"https:\/\/outlanders-dmc.com\/wp-content\/plugins\/elementor\/assets\/images\/placeholder.png\" title=\"\" alt=\"\" loading=\"lazy\" \/>\t\t\t\t\t\t\t\t\t\t\t\t\t<\/div>\n\t\t\t\t<\/div>\n\t\t\t\t\t<\/div>\n\t\t\t\t<\/div>\n\t\t\t\t<\/div>\n\t\t","protected":false},"excerpt":{"rendered":"<p>DMC This is a division that we have only for B2B partners, where we operate trips offering products for FIT, groups, incentives and other tailor-made products that we exclusively offer for our partners and that the regular public can not have with us. If you are a company or an agent looking for a DMC [&hellip;]<\/p>\n","protected":false},"author":1,"featured_media":0,"parent":0,"menu_order":0,"comment_status":"closed","ping_status":"closed","template":"elementor_canvas","meta":{"footnotes":""},"wf_page_folders":[],"jetpack_sharing_enabled":true,"_links":{"self":[{"href":"https:\/\/outlanders-dmc.com\/index.php\/wp-json\/wp\/v2\/pages\/1846"}],"collection":[{"href":"https:\/\/outlanders-dmc.com\/index.php\/wp-json\/wp\/v2\/pages"}],"about":[{"href":"https:\/\/outlanders-dmc.com\/index.php\/wp-json\/wp\/v2\/types\/page"}],"author":[{"embeddable":true,"href":"https:\/\/outlanders-dmc.com\/index.php\/wp-json\/wp\/v2\/users\/1"}],"replies":[{"embeddable":true,"href":"https:\/\/outlanders-dmc.com\/index.php\/wp-json\/wp\/v2\/comments?post=1846"}],"version-history":[{"count":26,"href":"https:\/\/outlanders-dmc.com\/index.php\/wp-json\/wp\/v2\/pages\/1846\/revisions"}],"predecessor-version":[{"id":2401,"href":"https:\/\/outlanders-dmc.com\/index.php\/wp-json\/wp\/v2\/pages\/1846\/revisions\/2401"}],"wp:attachment":[{"href":"https:\/\/outlanders-dmc.com\/index.php\/wp-json\/wp\/v2\/media?parent=1846"}],"wp:term":[{"taxonomy":"wf_page_folders","embeddable":true,"href":"https:\/\/outlanders-dmc.com\/index.php\/wp-json\/wp\/v2\/wf_page_folders?post=1846"}],"curies":[{"name":"wp","href":"https:\/\/api.w.org\/{rel}","templated":true}]}}